{"id":69,"date":"2021-11-20T12:27:13","date_gmt":"2021-11-20T12:27:13","guid":{"rendered":"https:\/\/charge4hire.com\/?page_id=69"},"modified":"2022-03-18T11:33:52","modified_gmt":"2022-03-18T11:33:52","slug":"impressum","status":"publish","type":"page","link":"https:\/\/charge4hire.com\/en\/impressum\/","title":{"rendered":"Imprint"},"content":{"rendered":"\t\t<div data-elementor-type=\"wp-page\" data-elementor-id=\"69\" class=\"elementor elementor-69\" data-elementor-post-type=\"page\">\n\t\t\t\t\t\t<section class=\"elementor-section elementor-top-section elementor-element elementor-element-1c6bb48 elementor-section-height-min-height elementor-section-boxed elementor-section-height-default elementor-section-items-middle\" data-id=\"1c6bb48\" data-element_type=\"section\" data-e-type=\"section\" data-settings=\"{&quot;background_background&quot;:&quot;classic&quot;}\">\n\t\t\t\t\t\t\t<div class=\"elementor-background-overlay\"><\/div>\n\t\t\t\t\t\t\t<div class=\"elementor-container elementor-column-gap-default\">\n\t\t\t\t\t<div class=\"elementor-column elementor-col-100 elementor-top-column elementor-element elementor-element-ddacb74 elementor-invisible\" data-id=\"ddacb74\" data-element_type=\"column\" data-e-type=\"column\" data-settings=\"{&quot;motion_fx_motion_fx_scrolling&quot;:&quot;yes&quot;,&quot;animation&quot;:&quot;fadeInLeft&quot;,&quot;motion_fx_devices&quot;:[&quot;desktop&quot;,&quot;tablet&quot;,&quot;mobile&quot;]}\">\n\t\t\t<div class=\"elementor-widget-wrap elementor-element-populated\">\n\t\t\t\t\t\t<div class=\"elementor-element elementor-element-5b0a2d3 elementor-widget elementor-widget-menu-anchor\" data-id=\"5b0a2d3\" data-element_type=\"widget\" data-e-type=\"widget\" data-widget_type=\"menu-anchor.default\">\n\t\t\t\t<div class=\"elementor-widget-container\">\n\t\t\t\t\t\t\t<div class=\"elementor-menu-anchor\" id=\"Service\"><\/div>\n\t\t\t\t\t\t<\/div>\n\t\t\t\t<\/div>\n\t\t\t\t<div class=\"elementor-element elementor-element-84b4a80 elementor-widget elementor-widget-heading\" data-id=\"84b4a80\" data-element_type=\"widget\" data-e-type=\"widget\" data-widget_type=\"heading.default\">\n\t\t\t\t<div class=\"elementor-widget-container\">\n\t\t\t\t\t<h1 class=\"elementor-heading-title elementor-size-default\">Impressum.<\/h1>\t\t\t\t<\/div>\n\t\t\t\t<\/div>\n\t\t\t\t\t<\/div>\n\t\t<\/div>\n\t\t\t\t\t<\/div>\n\t\t<\/section>\n\t\t\t\t<section class=\"elementor-section elementor-top-section elementor-element elementor-element-23c52ae elementor-section-boxed elementor-section-height-default elementor-section-height-default\" data-id=\"23c52ae\" data-element_type=\"section\" data-e-type=\"section\" data-settings=\"{&quot;background_background&quot;:&quot;classic&quot;}\">\n\t\t\t\t\t\t<div class=\"elementor-container elementor-column-gap-default\">\n\t\t\t\t\t<div class=\"elementor-column elementor-col-100 elementor-top-column elementor-element elementor-element-94d8e75\" data-id=\"94d8e75\" data-element_type=\"column\" data-e-type=\"column\">\n\t\t\t<div class=\"elementor-widget-wrap elementor-element-populated\">\n\t\t\t\t\t\t<div class=\"elementor-element elementor-element-4dff6ff elementor-widget elementor-widget-text-editor\" data-id=\"4dff6ff\" data-element_type=\"widget\" data-e-type=\"widget\" data-widget_type=\"text-editor.default\">\n\t\t\t\t<div class=\"elementor-widget-container\">\n\t\t\t\t\t\t\t\t\t<p>Angaben gem. \u00a7 5 TMG<\/p><p><strong>Betreiber und Kontakt:<\/strong><br \/>charge4hire GmbH<\/p><p>Gutenbergstr. 21<br \/>86399 Bobingen<\/p><p>Tel: \u00a0+49 8234 9696-0<br \/>Fax: +49 8234 9696-249<br \/>E-Mail-Adresse: <a href=\"mailto:info@charge4hire.com\">info@charge4hire.com<\/a><\/p><p><strong>Vertretung:<\/strong><br \/>charge4hire GmbH wird vertreten durch G\u00fcnther Holzer und Frank Steinbacher<br \/>Register und Registernummer: Handels-Register Augsburg <strong>HRB<\/strong> 35742<\/p><p><strong>Umsatzsteuer-ID:<\/strong><br \/>DE 341 027 956<\/p><p><b>zust\u00e4ndige Aufsichtsbeh\u00f6rde:<br \/><\/b><span style=\"background-color: var( --e-global-color-primary ); color: var( --e-global-color-text ); font-size: 1rem;\">Regionaldirektion Bayern der Bundesagentur f\u00fcr Arbeit<br \/><\/span><span style=\"background-color: var( --e-global-color-primary ); color: var( --e-global-color-text ); font-size: 1rem;\">Regensburger Str. 100<br \/><\/span><span style=\"color: var( --e-global-color-text ); background-color: var( --e-global-color-primary ); font-size: 1rem;\">90478 N\u00fcrnberg\u00a0<\/span><\/p><p><strong>Verantwortlicher f\u00fcr journalistisch-redaktionelle Inhalte gem. \u00a7 55 II RstV:<\/strong><br \/>G\u00fcnther Holzer Gutenbergstr. 21 86399 Bobingen<\/p><p><b>Bilder und Grafiken:<br \/><\/b><span style=\"color: var( --e-global-color-text ); background-color: var( --e-global-color-primary ); font-size: 1rem;\">Die charge4hire GmbH verf\u00fcgt \u00fcber die Nutzungsrechte der auf dieser Webseite verwendeten Grafiken und Bilder.<\/span><\/p><p>Angaben der Quelle f\u00fcr verwendetes Bilder- und Grafikmaterial:<\/p><p>E&amp;W Filming GbR\u00a0 \u00a0|\u00a0<a href=\"http:\/\/www.ew-filming.de\" target=\"_blank\" rel=\"noopener\">www.ew-filming.de<\/a><\/p><p>Fotolia\u00a0 \u00a0|\u00a0<a href=\"http:\/\/www.fotolia.de\" target=\"_blank\" rel=\"noopener\">www.fotolia.de<\/a><\/p><p>Biscuit icons created by Freepik &#8211; Flaticon | <a href=\"https:\/\/www.flaticon.com\/free-icons\/biscuit\" target=\"_blank\" rel=\"noopener\">www.flaticon.com<\/a><\/p><p>\u00a0<\/p><p>Wir wurden weiterhin bei dem Aufbau des Webauftritts der charge4hire GmbH u.a.<\/p><p>durch die Mitarbeiter der Holzer Firmengruppe unterst\u00fctzt.<\/p><p>Vielen Dank.<\/p>\t\t\t\t\t\t\t\t<\/div>\n\t\t\t\t<\/div>\n\t\t\t\t\t<\/div>\n\t\t<\/div>\n\t\t\t\t\t<\/div>\n\t\t<\/section>\n\t\t\t\t<\/div>\n\t\t","protected":false},"excerpt":{"rendered":"<p>Impressum. Angaben gem. \u00a7 5 TMG Betreiber und Kontakt:charge4hire GmbH Gutenbergstr. 2186399 Bobingen Tel: \u00a0+49 8234 9696-0Fax: +49 8234 9696-249E-Mail-Adresse: info@charge4hire.com Vertretung:charge4hire GmbH wird vertreten durch G\u00fcnther Holzer und Frank SteinbacherRegister und Registernummer: Handels-Register Augsburg HRB 35742 Umsatzsteuer-ID:DE 341 027 956 zust\u00e4ndige Aufsichtsbeh\u00f6rde:Regionaldirektion Bayern der Bundesagentur f\u00fcr ArbeitRegensburger Str. 10090478 N\u00fcrnberg\u00a0 Verantwortlicher f\u00fcr journalistisch-redaktionelle Inhalte [&hellip;]<\/p>\n","protected":false},"author":1,"featured_media":0,"parent":0,"menu_order":0,"comment_status":"closed","ping_status":"closed","template":"","meta":{"footnotes":""},"class_list":["post-69","page","type-page","status-publish","hentry"],"_links":{"self":[{"href":"https:\/\/charge4hire.com\/en\/wp-json\/wp\/v2\/pages\/69","targetHints":{"allow":["GET"]}}],"collection":[{"href":"https:\/\/charge4hire.com\/en\/wp-json\/wp\/v2\/pages"}],"about":[{"href":"https:\/\/charge4hire.com\/en\/wp-json\/wp\/v2\/types\/page"}],"author":[{"embeddable":true,"href":"https:\/\/charge4hire.com\/en\/wp-json\/wp\/v2\/users\/1"}],"replies":[{"embeddable":true,"href":"https:\/\/charge4hire.com\/en\/wp-json\/wp\/v2\/comments?post=69"}],"version-history":[{"count":10,"href":"https:\/\/charge4hire.com\/en\/wp-json\/wp\/v2\/pages\/69\/revisions"}],"predecessor-version":[{"id":3735,"href":"https:\/\/charge4hire.com\/en\/wp-json\/wp\/v2\/pages\/69\/revisions\/3735"}],"wp:attachment":[{"href":"https:\/\/charge4hire.com\/en\/wp-json\/wp\/v2\/media?parent=69"}],"curies":[{"name":"wp","href":"https:\/\/api.w.org\/{rel}","templated":true}]}}