{"id":2630,"date":"2022-01-18T16:13:04","date_gmt":"2022-01-18T16:13:04","guid":{"rendered":"https:\/\/charge4hire.com\/?page_id=2630"},"modified":"2022-03-16T11:40:21","modified_gmt":"2022-03-16T11:40:21","slug":"supracharger","status":"publish","type":"page","link":"https:\/\/charge4hire.com\/en\/supracharger\/","title":{"rendered":"supracharger"},"content":{"rendered":"\t\t<div data-elementor-type=\"wp-page\" data-elementor-id=\"2630\" class=\"elementor elementor-2630\" data-elementor-post-type=\"page\">\n\t\t\t\t\t\t<section class=\"elementor-section elementor-top-section elementor-element elementor-element-2e67ec4 elementor-section-height-min-height elementor-section-items-bottom elementor-section-boxed elementor-section-height-default\" data-id=\"2e67ec4\" data-element_type=\"section\" data-e-type=\"section\" data-settings=\"{&quot;background_background&quot;:&quot;classic&quot;}\">\n\t\t\t\t\t\t<div class=\"elementor-container elementor-column-gap-default\">\n\t\t\t\t\t<div class=\"elementor-column elementor-col-100 elementor-top-column elementor-element elementor-element-0f9b1b2 elementor-invisible\" data-id=\"0f9b1b2\" data-element_type=\"column\" data-e-type=\"column\" data-settings=\"{&quot;motion_fx_motion_fx_scrolling&quot;:&quot;yes&quot;,&quot;animation&quot;:&quot;fadeInLeft&quot;,&quot;animation_delay&quot;:1000,&quot;motion_fx_devices&quot;:[&quot;desktop&quot;,&quot;tablet&quot;,&quot;mobile&quot;]}\">\n\t\t\t<div class=\"elementor-widget-wrap elementor-element-populated\">\n\t\t\t\t\t\t<div class=\"elementor-element elementor-element-134e5a6 elementor-widget elementor-widget-heading\" data-id=\"134e5a6\" data-element_type=\"widget\" data-e-type=\"widget\" data-widget_type=\"heading.default\">\n\t\t\t\t<div class=\"elementor-widget-container\">\n\t\t\t\t\t<h2 class=\"elementor-heading-title elementor-size-default\"><span style=\"color:#01F061\"> SUPRA<\/span>Charger<\/h2>\t\t\t\t<\/div>\n\t\t\t\t<\/div>\n\t\t\t\t\t<\/div>\n\t\t<\/div>\n\t\t\t\t\t<\/div>\n\t\t<\/section>\n\t\t\t\t<section class=\"elementor-section elementor-top-section elementor-element elementor-element-fe4fb14 elementor-section-content-middle elementor-section-height-min-height elementor-section-boxed elementor-section-height-default elementor-section-items-middle\" data-id=\"fe4fb14\" data-element_type=\"section\" data-e-type=\"section\" data-settings=\"{&quot;background_background&quot;:&quot;classic&quot;}\">\n\t\t\t\t\t\t\t<div class=\"elementor-background-overlay\"><\/div>\n\t\t\t\t\t\t\t<div class=\"elementor-container elementor-column-gap-no\">\n\t\t\t\t\t<div class=\"elementor-column elementor-col-100 elementor-top-column elementor-element elementor-element-3faca02\" data-id=\"3faca02\" data-element_type=\"column\" data-e-type=\"column\">\n\t\t\t<div class=\"elementor-widget-wrap elementor-element-populated\">\n\t\t\t\t\t\t<section class=\"elementor-section elementor-inner-section elementor-element elementor-element-1f866bc elementor-section-full_width elementor-section-height-default elementor-section-height-default\" data-id=\"1f866bc\" data-element_type=\"section\" data-e-type=\"section\">\n\t\t\t\t\t\t<div class=\"elementor-container elementor-column-gap-no\">\n\t\t\t\t\t<div class=\"elementor-column elementor-col-50 elementor-inner-column elementor-element elementor-element-4ebd2b2 elementor-invisible\" data-id=\"4ebd2b2\" data-element_type=\"column\" data-e-type=\"column\" data-settings=\"{&quot;animation&quot;:&quot;fadeInLeft&quot;,&quot;background_background&quot;:&quot;classic&quot;}\">\n\t\t\t<div class=\"elementor-widget-wrap elementor-element-populated\">\n\t\t\t\t\t\t<div class=\"elementor-element elementor-element-c3444d2 elementor-widget elementor-widget-heading\" data-id=\"c3444d2\" data-element_type=\"widget\" data-e-type=\"widget\" data-widget_type=\"heading.default\">\n\t\t\t\t<div class=\"elementor-widget-container\">\n\t\t\t\t\t<h2 class=\"elementor-heading-title elementor-size-default\">Jetzt Preis anfragen und ein individuelles Angebot zu ihren Bed\u00fcrfnissen erhalten<\/h2>\t\t\t\t<\/div>\n\t\t\t\t<\/div>\n\t\t\t\t<div class=\"elementor-element elementor-element-551e23b elementor-align-center elementor-widget elementor-widget-button\" data-id=\"551e23b\" data-element_type=\"widget\" data-e-type=\"widget\" data-widget_type=\"button.default\">\n\t\t\t\t<div class=\"elementor-widget-container\">\n\t\t\t\t\t\t\t\t\t<div class=\"elementor-button-wrapper\">\n\t\t\t\t\t<a class=\"elementor-button elementor-button-link elementor-size-sm\" href=\"#Kontakt\" rel=\"nofollow\">\n\t\t\t\t\t\t<span class=\"elementor-button-content-wrapper\">\n\t\t\t\t\t\t\t\t\t<span class=\"elementor-button-text\">Preis anfragen<\/span>\n\t\t\t\t\t<\/span>\n\t\t\t\t\t<\/a>\n\t\t\t\t<\/div>\n\t\t\t\t\t\t\t\t<\/div>\n\t\t\t\t<\/div>\n\t\t\t\t\t<\/div>\n\t\t<\/div>\n\t\t\t\t<div class=\"elementor-column elementor-col-50 elementor-inner-column elementor-element elementor-element-ce162cb elementor-invisible\" data-id=\"ce162cb\" data-element_type=\"column\" data-e-type=\"column\" data-settings=\"{&quot;animation&quot;:&quot;fadeInLeft&quot;,&quot;background_background&quot;:&quot;classic&quot;}\">\n\t\t\t<div class=\"elementor-widget-wrap elementor-element-populated\">\n\t\t\t\t\t\t<div class=\"elementor-element elementor-element-e6fda0f elementor-widget elementor-widget-heading\" data-id=\"e6fda0f\" data-element_type=\"widget\" data-e-type=\"widget\" data-widget_type=\"heading.default\">\n\t\t\t\t<div class=\"elementor-widget-container\">\n\t\t\t\t\t<h2 class=\"elementor-heading-title elementor-size-default\">Technische Daten<\/h2>\t\t\t\t<\/div>\n\t\t\t\t<\/div>\n\t\t\t\t<div class=\"elementor-element elementor-element-6cb0c68 elementor-widget elementor-widget-text-editor\" data-id=\"6cb0c68\" data-element_type=\"widget\" data-e-type=\"widget\" data-widget_type=\"text-editor.default\">\n\t\t\t\t<div class=\"elementor-widget-container\">\n\t\t\t\t\t\t\t\t\t<p><strong>Gleichstromeingang:<\/strong><br \/>Eingangsspannungsbereich: <strong>500 V\u20131150 V Gleichstrom<\/strong><br \/>Max. Eingangsstrom: <strong>4x 640A<\/strong><\/p><p><strong>Gleichstromausgang:<\/strong><br \/>Maximale Ausgangsleistung: <strong>4x 420kW<\/strong><br \/>Ausgangsspannungsbereich: <strong>50V\u2013950V Gleichstrom<\/strong><\/p><p><strong>Fl\u00fcssigk\u00fchlung:<\/strong><br \/>Steuerbare Fl\u00fcssigkeitstemperatur: <strong>-20\u00b0C\u2013+50\u00b0C<br \/><\/strong>Durchflussmenge: <strong>110 bis 150l\/min<\/strong><br \/>Fl\u00fcssigkeit: <strong>Wasser \/Glycol (60%\/40%)<\/strong><\/p><p><strong>Umfeld:<\/strong><br \/>Lagertemperatur: <strong>-40\u00b0~+70\u00b0<br \/><\/strong>Kommunikation: <strong>WIFI, Ethernet, Open Charge Point Protocol 2.0 (OCPP)<br \/><\/strong>Mittlere Betriebsdauer zwischen Ausf\u00e4llen: <strong>&gt; 500.000 Stunden<\/strong><br \/>Sicherheitsstandards: <strong>IEC 61851-1, IEC 61851-23, CE<\/strong><br \/>Elektromagnetische Vertr\u00e4glichkeit: <strong>2014\/30\/EU<\/strong><\/p>\t\t\t\t\t\t\t\t<\/div>\n\t\t\t\t<\/div>\n\t\t\t\t\t<\/div>\n\t\t<\/div>\n\t\t\t\t\t<\/div>\n\t\t<\/section>\n\t\t\t\t\t<\/div>\n\t\t<\/div>\n\t\t\t\t\t<\/div>\n\t\t<\/section>\n\t\t\t\t<section class=\"elementor-section elementor-top-section elementor-element elementor-element-081ff39 elementor-section-full_width elementor-section-height-default elementor-section-height-default\" data-id=\"081ff39\" data-element_type=\"section\" data-e-type=\"section\" data-settings=\"{&quot;background_background&quot;:&quot;classic&quot;}\">\n\t\t\t\t\t\t<div class=\"elementor-container elementor-column-gap-default\">\n\t\t\t\t\t<div class=\"elementor-column elementor-col-100 elementor-top-column elementor-element elementor-element-5c924f0\" data-id=\"5c924f0\" data-element_type=\"column\" data-e-type=\"column\">\n\t\t\t<div class=\"elementor-widget-wrap elementor-element-populated\">\n\t\t\t\t\t\t<div class=\"elementor-element elementor-element-e53c5b6 elementor-arrows-position-inside elementor-pagination-position-outside elementor-widget elementor-widget-image-carousel\" data-id=\"e53c5b6\" data-element_type=\"widget\" data-e-type=\"widget\" data-settings=\"{&quot;slides_to_show&quot;:&quot;3&quot;,&quot;navigation&quot;:&quot;both&quot;,&quot;autoplay&quot;:&quot;yes&quot;,&quot;pause_on_hover&quot;:&quot;yes&quot;,&quot;pause_on_interaction&quot;:&quot;yes&quot;,&quot;autoplay_speed&quot;:5000,&quot;infinite&quot;:&quot;yes&quot;,&quot;speed&quot;:500}\" data-widget_type=\"image-carousel.default\">\n\t\t\t\t<div class=\"elementor-widget-container\">\n\t\t\t\t\t\t\t<div class=\"elementor-image-carousel-wrapper swiper\" role=\"region\" aria-roledescription=\"carousel\" aria-label=\"Image Carousel\" dir=\"ltr\">\n\t\t\t<div class=\"elementor-image-carousel swiper-wrapper\" aria-live=\"off\">\n\t\t\t\t\t\t\t\t<div class=\"swiper-slide\" role=\"group\" aria-roledescription=\"slide\" aria-label=\"1 of 5\"><a data-elementor-open-lightbox=\"yes\" data-elementor-lightbox-slideshow=\"e53c5b6\" data-e-action-hash=\"#elementor-action%3Aaction%3Dlightbox%26settings%3DeyJpZCI6MTk2NiwidXJsIjoiaHR0cHM6XC9cL2NoYXJnZTRoaXJlLmNvbVwvd3AtY29udGVudFwvdXBsb2Fkc1wvMjAyMlwvMDFcL0JhdXZvcmhhYmVuXzItc2NhbGVkLmpwZyIsInNsaWRlc2hvdyI6ImU1M2M1YjYifQ%3D%3D\" href=\"https:\/\/charge4hire.com\/wp-content\/uploads\/2022\/01\/Bauvorhaben_2-scaled.jpg\"><figure class=\"swiper-slide-inner\"><img decoding=\"async\" class=\"swiper-slide-image\" src=\"https:\/\/charge4hire.com\/wp-content\/uploads\/elementor\/thumbs\/Bauvorhaben_2-scaled-pk7thtjs782jekkpwebgi59d5poh8z0swlf6ggx728.jpg\" alt=\"SUPRACharger\" \/><\/figure><\/a><\/div><div class=\"swiper-slide\" role=\"group\" aria-roledescription=\"slide\" aria-label=\"2 of 5\"><a data-elementor-open-lightbox=\"yes\" data-elementor-lightbox-slideshow=\"e53c5b6\" data-e-action-hash=\"#elementor-action%3Aaction%3Dlightbox%26settings%3DeyJpZCI6MTk2NywidXJsIjoiaHR0cHM6XC9cL2NoYXJnZTRoaXJlLmNvbVwvd3AtY29udGVudFwvdXBsb2Fkc1wvMjAyMlwvMDFcL0JhdXZvcmhhYmVuXzMtc2NhbGVkLmpwZyIsInNsaWRlc2hvdyI6ImU1M2M1YjYifQ%3D%3D\" href=\"https:\/\/charge4hire.com\/wp-content\/uploads\/2022\/01\/Bauvorhaben_3-scaled.jpg\"><figure class=\"swiper-slide-inner\"><img decoding=\"async\" class=\"swiper-slide-image\" src=\"https:\/\/charge4hire.com\/wp-content\/uploads\/elementor\/thumbs\/Bauvorhaben_3-scaled-pk7thtjs782jekkpwebgi59d5poh8z0swlf6ggx728.jpg\" alt=\"SUPRACharger\" \/><\/figure><\/a><\/div><div class=\"swiper-slide\" role=\"group\" aria-roledescription=\"slide\" aria-label=\"3 of 5\"><a data-elementor-open-lightbox=\"yes\" data-elementor-lightbox-slideshow=\"e53c5b6\" data-e-action-hash=\"#elementor-action%3Aaction%3Dlightbox%26settings%3DeyJpZCI6MTk2NSwidXJsIjoiaHR0cHM6XC9cL2NoYXJnZTRoaXJlLmNvbVwvd3AtY29udGVudFwvdXBsb2Fkc1wvMjAyMlwvMDFcL0JhdXZvcmhhYmVuXzEtc2NhbGVkLmpwZyIsInNsaWRlc2hvdyI6ImU1M2M1YjYifQ%3D%3D\" href=\"https:\/\/charge4hire.com\/wp-content\/uploads\/2022\/01\/Bauvorhaben_1-scaled.jpg\"><figure class=\"swiper-slide-inner\"><img decoding=\"async\" class=\"swiper-slide-image\" src=\"https:\/\/charge4hire.com\/wp-content\/uploads\/elementor\/thumbs\/Bauvorhaben_1-scaled-pk7thtjs782jekkpwebgi59d5poh8z0swlf6ggx728.jpg\" alt=\"Bauvorhaben_1\" \/><\/figure><\/a><\/div><div class=\"swiper-slide\" role=\"group\" aria-roledescription=\"slide\" aria-label=\"4 of 5\"><a data-elementor-open-lightbox=\"yes\" data-elementor-lightbox-slideshow=\"e53c5b6\" data-e-action-hash=\"#elementor-action%3Aaction%3Dlightbox%26settings%3DeyJpZCI6MTczNiwidXJsIjoiaHR0cHM6XC9cL2NoYXJnZTRoaXJlLmNvbVwvd3AtY29udGVudFwvdXBsb2Fkc1wvMjAyMVwvMTJcL3p1c21hcnNoYXVzZW4tc2VyaWUtQS1ocmVzLTItc2NhbGVkLmpwZyIsInNsaWRlc2hvdyI6ImU1M2M1YjYifQ%3D%3D\" href=\"https:\/\/charge4hire.com\/wp-content\/uploads\/2021\/12\/zusmarshausen-serie-A-hres-2-scaled.jpg\"><figure class=\"swiper-slide-inner\"><img decoding=\"async\" class=\"swiper-slide-image\" src=\"https:\/\/charge4hire.com\/wp-content\/uploads\/elementor\/thumbs\/zusmarshausen-serie-A-hres-2-scaled-pk7thtjs782jekkpwebgi59d5poh8z0swlf6ggx728.jpg\" alt=\"SUPRACharger\" \/><\/figure><\/a><\/div><div class=\"swiper-slide\" role=\"group\" aria-roledescription=\"slide\" aria-label=\"5 of 5\"><a data-elementor-open-lightbox=\"yes\" data-elementor-lightbox-slideshow=\"e53c5b6\" data-e-action-hash=\"#elementor-action%3Aaction%3Dlightbox%26settings%3DeyJpZCI6MTc0MiwidXJsIjoiaHR0cHM6XC9cL2NoYXJnZTRoaXJlLmNvbVwvd3AtY29udGVudFwvdXBsb2Fkc1wvMjAyMVwvMTJcL3p1c21hcnNoYXVzZW4tc2VyaWUtQy1ocmVzLTgtc2NhbGVkLmpwZyIsInNsaWRlc2hvdyI6ImU1M2M1YjYifQ%3D%3D\" href=\"https:\/\/charge4hire.com\/wp-content\/uploads\/2021\/12\/zusmarshausen-serie-C-hres-8-scaled.jpg\"><figure class=\"swiper-slide-inner\"><img decoding=\"async\" class=\"swiper-slide-image\" src=\"https:\/\/charge4hire.com\/wp-content\/uploads\/elementor\/thumbs\/zusmarshausen-serie-C-hres-8-scaled-pk7thtjs782jekkpwebgi59d5poh8z0swlf6ggx728.jpg\" alt=\"zusmarshausen-serie-C-hres--8\" \/><\/figure><\/a><\/div>\t\t\t<\/div>\n\t\t\t\t\t\t\t\t\t\t\t\t<div class=\"elementor-swiper-button elementor-swiper-button-prev\" role=\"button\" tabindex=\"0\">\n\t\t\t\t\t\t<i aria-hidden=\"true\" class=\"eicon-chevron-left\"><\/i>\t\t\t\t\t<\/div>\n\t\t\t\t\t<div class=\"elementor-swiper-button elementor-swiper-button-next\" role=\"button\" tabindex=\"0\">\n\t\t\t\t\t\t<i aria-hidden=\"true\" class=\"eicon-chevron-right\"><\/i>\t\t\t\t\t<\/div>\n\t\t\t\t\n\t\t\t\t\t\t\t\t\t<div class=\"swiper-pagination\"><\/div>\n\t\t\t\t\t\t\t\t\t<\/div>\n\t\t\t\t\t\t<\/div>\n\t\t\t\t<\/div>\n\t\t\t\t\t<\/div>\n\t\t<\/div>\n\t\t\t\t\t<\/div>\n\t\t<\/section>\n\t\t\t\t<\/div>\n\t\t","protected":false},"excerpt":{"rendered":"<p>SUPRACharger Jetzt Preis anfragen und ein individuelles Angebot zu ihren Bed\u00fcrfnissen erhalten Preis anfragen Technische Daten Gleichstromeingang:Eingangsspannungsbereich: 500 V\u20131150 V GleichstromMax. Eingangsstrom: 4x 640A Gleichstromausgang:Maximale Ausgangsleistung: 4x 420kWAusgangsspannungsbereich: 50V\u2013950V Gleichstrom Fl\u00fcssigk\u00fchlung:Steuerbare Fl\u00fcssigkeitstemperatur: -20\u00b0C\u2013+50\u00b0CDurchflussmenge: 110 bis 150l\/minFl\u00fcssigkeit: Wasser \/Glycol (60%\/40%) Umfeld:Lagertemperatur: -40\u00b0~+70\u00b0Kommunikation: WIFI, Ethernet, Open Charge Point Protocol 2.0 (OCPP)Mittlere Betriebsdauer zwischen Ausf\u00e4llen: &gt; 500.000 StundenSicherheitsstandards: [&hellip;]<\/p>\n","protected":false},"author":1,"featured_media":0,"parent":0,"menu_order":0,"comment_status":"closed","ping_status":"closed","template":"","meta":{"footnotes":""},"class_list":["post-2630","page","type-page","status-publish","hentry"],"_links":{"self":[{"href":"https:\/\/charge4hire.com\/en\/wp-json\/wp\/v2\/pages\/2630","targetHints":{"allow":["GET"]}}],"collection":[{"href":"https:\/\/charge4hire.com\/en\/wp-json\/wp\/v2\/pages"}],"about":[{"href":"https:\/\/charge4hire.com\/en\/wp-json\/wp\/v2\/types\/page"}],"author":[{"embeddable":true,"href":"https:\/\/charge4hire.com\/en\/wp-json\/wp\/v2\/users\/1"}],"replies":[{"embeddable":true,"href":"https:\/\/charge4hire.com\/en\/wp-json\/wp\/v2\/comments?post=2630"}],"version-history":[{"count":10,"href":"https:\/\/charge4hire.com\/en\/wp-json\/wp\/v2\/pages\/2630\/revisions"}],"predecessor-version":[{"id":3716,"href":"https:\/\/charge4hire.com\/en\/wp-json\/wp\/v2\/pages\/2630\/revisions\/3716"}],"wp:attachment":[{"href":"https:\/\/charge4hire.com\/en\/wp-json\/wp\/v2\/media?parent=2630"}],"curies":[{"name":"wp","href":"https:\/\/api.w.org\/{rel}","templated":true}]}}