{"id":2051,"date":"2022-01-07T12:01:40","date_gmt":"2022-01-07T12:01:40","guid":{"rendered":"https:\/\/charge4hire.com\/?page_id=2051"},"modified":"2023-01-03T14:56:10","modified_gmt":"2023-01-03T14:56:10","slug":"dccube","status":"publish","type":"page","link":"https:\/\/charge4hire.com\/en\/dccube\/","title":{"rendered":"dccube"},"content":{"rendered":"\t\t<div data-elementor-type=\"wp-page\" data-elementor-id=\"2051\" class=\"elementor elementor-2051\" data-elementor-post-type=\"page\">\n\t\t\t\t\t\t<section class=\"elementor-section elementor-top-section elementor-element elementor-element-c10db61 elementor-section-height-min-height elementor-section-items-bottom elementor-section-boxed elementor-section-height-default\" data-id=\"c10db61\" data-element_type=\"section\" data-e-type=\"section\" data-settings=\"{&quot;background_background&quot;:&quot;classic&quot;}\">\n\t\t\t\t\t\t<div class=\"elementor-container elementor-column-gap-default\">\n\t\t\t\t\t<div class=\"elementor-column elementor-col-100 elementor-top-column elementor-element elementor-element-2a3a5a8 elementor-invisible\" data-id=\"2a3a5a8\" data-element_type=\"column\" data-e-type=\"column\" data-settings=\"{&quot;motion_fx_motion_fx_scrolling&quot;:&quot;yes&quot;,&quot;animation&quot;:&quot;fadeInLeft&quot;,&quot;animation_delay&quot;:1000,&quot;motion_fx_devices&quot;:[&quot;desktop&quot;,&quot;tablet&quot;,&quot;mobile&quot;]}\">\n\t\t\t<div class=\"elementor-widget-wrap elementor-element-populated\">\n\t\t\t\t\t\t<div class=\"elementor-element elementor-element-b75f96b elementor-widget elementor-widget-heading\" data-id=\"b75f96b\" data-element_type=\"widget\" data-e-type=\"widget\" data-widget_type=\"heading.default\">\n\t\t\t\t<div class=\"elementor-widget-container\">\n\t\t\t\t\t<h2 class=\"elementor-heading-title elementor-size-default\"><span style=\"color:#01F061\"> DC<\/span>Cube<\/h2>\t\t\t\t<\/div>\n\t\t\t\t<\/div>\n\t\t\t\t\t<\/div>\n\t\t<\/div>\n\t\t\t\t\t<\/div>\n\t\t<\/section>\n\t\t\t\t<section class=\"elementor-section elementor-top-section elementor-element elementor-element-553b7f8 elementor-section-content-middle elementor-section-height-min-height elementor-section-boxed elementor-section-height-default elementor-section-items-middle\" data-id=\"553b7f8\" data-element_type=\"section\" data-e-type=\"section\" data-settings=\"{&quot;background_background&quot;:&quot;classic&quot;}\">\n\t\t\t\t\t\t\t<div class=\"elementor-background-overlay\"><\/div>\n\t\t\t\t\t\t\t<div class=\"elementor-container elementor-column-gap-no\">\n\t\t\t\t\t<div class=\"elementor-column elementor-col-100 elementor-top-column elementor-element elementor-element-3635326\" data-id=\"3635326\" data-element_type=\"column\" data-e-type=\"column\">\n\t\t\t<div class=\"elementor-widget-wrap elementor-element-populated\">\n\t\t\t\t\t\t<div class=\"elementor-element elementor-element-ddf45b7 elementor-widget elementor-widget-heading\" data-id=\"ddf45b7\" data-element_type=\"widget\" data-e-type=\"widget\" data-widget_type=\"heading.default\">\n\t\t\t\t<div class=\"elementor-widget-container\">\n\t\t\t\t\t<h4 class=\"elementor-heading-title elementor-size-default\">Der <span style=\"color:#01F061\"> DC<\/span>Cube ist das <br> DC-Schnellladeger\u00e4t mit dem weltweit kleinsten ben\u00f6tigten Installationsraum. <\/h4>\t\t\t\t<\/div>\n\t\t\t\t<\/div>\n\t\t\t\t<section class=\"elementor-section elementor-inner-section elementor-element elementor-element-b9ada2a elementor-section-full_width elementor-section-height-default elementor-section-height-default\" data-id=\"b9ada2a\" data-element_type=\"section\" data-e-type=\"section\">\n\t\t\t\t\t\t<div class=\"elementor-container elementor-column-gap-no\">\n\t\t\t\t\t<div class=\"elementor-column elementor-col-50 elementor-inner-column elementor-element elementor-element-68ea501 elementor-invisible\" data-id=\"68ea501\" data-element_type=\"column\" data-e-type=\"column\" data-settings=\"{&quot;animation&quot;:&quot;fadeInLeft&quot;,&quot;background_background&quot;:&quot;classic&quot;}\">\n\t\t\t<div class=\"elementor-widget-wrap elementor-element-populated\">\n\t\t\t\t\t\t<div class=\"elementor-element elementor-element-ea9f736 elementor-widget elementor-widget-heading\" data-id=\"ea9f736\" data-element_type=\"widget\" data-e-type=\"widget\" data-widget_type=\"heading.default\">\n\t\t\t\t<div class=\"elementor-widget-container\">\n\t\t\t\t\t<h2 class=\"elementor-heading-title elementor-size-default\">Jetzt Preis anfragen und ein individuelles Angebot zu ihren Bed\u00fcrfnissen erhalten<\/h2>\t\t\t\t<\/div>\n\t\t\t\t<\/div>\n\t\t\t\t<div class=\"elementor-element elementor-element-37f1dbd elementor-align-center elementor-widget elementor-widget-button\" data-id=\"37f1dbd\" data-element_type=\"widget\" data-e-type=\"widget\" data-widget_type=\"button.default\">\n\t\t\t\t<div class=\"elementor-widget-container\">\n\t\t\t\t\t\t\t\t\t<div class=\"elementor-button-wrapper\">\n\t\t\t\t\t<a class=\"elementor-button elementor-button-link elementor-size-sm\" href=\"#Kontakt\" rel=\"nofollow\">\n\t\t\t\t\t\t<span class=\"elementor-button-content-wrapper\">\n\t\t\t\t\t\t\t\t\t<span class=\"elementor-button-text\">Preis anfragen<\/span>\n\t\t\t\t\t<\/span>\n\t\t\t\t\t<\/a>\n\t\t\t\t<\/div>\n\t\t\t\t\t\t\t\t<\/div>\n\t\t\t\t<\/div>\n\t\t\t\t\t<\/div>\n\t\t<\/div>\n\t\t\t\t<div class=\"elementor-column elementor-col-50 elementor-inner-column elementor-element elementor-element-4f18fa5 elementor-invisible\" data-id=\"4f18fa5\" data-element_type=\"column\" data-e-type=\"column\" data-settings=\"{&quot;animation&quot;:&quot;fadeInLeft&quot;,&quot;background_background&quot;:&quot;classic&quot;}\">\n\t\t\t<div class=\"elementor-widget-wrap elementor-element-populated\">\n\t\t\t\t\t\t<div class=\"elementor-element elementor-element-39ff37f elementor-widget elementor-widget-heading\" data-id=\"39ff37f\" data-element_type=\"widget\" data-e-type=\"widget\" data-widget_type=\"heading.default\">\n\t\t\t\t<div class=\"elementor-widget-container\">\n\t\t\t\t\t<h2 class=\"elementor-heading-title elementor-size-default\">Technische Daten<\/h2>\t\t\t\t<\/div>\n\t\t\t\t<\/div>\n\t\t\t\t<div class=\"elementor-element elementor-element-6553b22 elementor-widget elementor-widget-text-editor\" data-id=\"6553b22\" data-element_type=\"widget\" data-e-type=\"widget\" data-widget_type=\"text-editor.default\">\n\t\t\t\t<div class=\"elementor-widget-container\">\n\t\t\t\t\t\t\t\t\t<p><strong>Gleichstromeingang:<\/strong><br \/> Eingangsspannungsbereich: <strong>500 V&ndash;<\/strong><strong>1150 V Gleichstrom<\/strong><br \/>Max. Eingangsstrom: <strong>220 A <\/strong><\/p>\n<p><strong>Gleichstromausgang:<\/strong><br \/> Maximale Ausgangsleistung: <strong>140&ndash;<\/strong><strong>280 kW<\/strong><br \/>Ausgangsspannungsbereich: <strong>200 V&ndash;<\/strong><strong>950 V Gleichstrom<\/strong><br \/>CCS PLC: <strong>DIN 70121, ISO 15118 <\/strong><\/p>\n<p><strong>Flu\u0308ssigku\u0308hlung:<\/strong><br \/> Steuerbare Flu\u0308ssigkeitstemperatur: <strong>-20&deg;C&ndash;<\/strong><strong>+50&deg;C<\/strong><br \/> Flu\u0308ssigkeit: <strong>nicht leitfa\u0308hig, biologisch abbaubar<\/strong><br \/> Thermisches Management: <strong>externe Nutzung von Wa\u0308rmeverlusten mo\u0308glich <\/strong><\/p>\n<p><strong>Umfeld:<\/strong><br \/> Lagertemperatur: <strong>-40&deg;~+70&deg;<\/strong><br \/> Kommunikation: <strong>WIFI, Ethernet, Open Charge Point Protocol 2.0 (OCPP)<\/strong> <br \/>Mittlere Betriebsdauer zwischen Ausfa\u0308llen: <strong>&gt; 500.000 Stunden<\/strong> <br \/>Sicherheitsstandards: <strong>IEC 61851-1, IEC 61851-23, CE<\/strong> <br \/>Elektromagnetische Vertra\u0308glichkeit: <strong>2014\/30\/EU<\/strong><br \/> Schutzklasse: <strong>IP68<\/strong><\/p>\t\t\t\t\t\t\t\t<\/div>\n\t\t\t\t<\/div>\n\t\t\t\t\t<\/div>\n\t\t<\/div>\n\t\t\t\t\t<\/div>\n\t\t<\/section>\n\t\t\t\t\t<\/div>\n\t\t<\/div>\n\t\t\t\t\t<\/div>\n\t\t<\/section>\n\t\t\t\t<section class=\"elementor-section elementor-top-section elementor-element elementor-element-2ddfa83 elementor-section-full_width elementor-section-height-min-height elementor-section-height-default elementor-section-items-middle\" data-id=\"2ddfa83\" data-element_type=\"section\" data-e-type=\"section\" data-settings=\"{&quot;background_background&quot;:&quot;classic&quot;}\">\n\t\t\t\t\t\t<div class=\"elementor-container elementor-column-gap-default\">\n\t\t\t\t\t<div class=\"elementor-column elementor-col-50 elementor-top-column elementor-element elementor-element-f0516c0\" data-id=\"f0516c0\" data-element_type=\"column\" data-e-type=\"column\">\n\t\t\t<div class=\"elementor-widget-wrap elementor-element-populated\">\n\t\t\t\t\t\t<div class=\"elementor-element elementor-element-0945437 elementor-widget elementor-widget-image\" data-id=\"0945437\" data-element_type=\"widget\" data-e-type=\"widget\" data-widget_type=\"image.default\">\n\t\t\t\t<div class=\"elementor-widget-container\">\n\t\t\t\t\t\t\t\t\t\t\t\t\t\t\t\t<a href=\"https:\/\/charge4hire.com\/wp-content\/uploads\/2023\/01\/DSF2424.jpg\" data-elementor-open-lightbox=\"yes\" data-e-action-hash=\"#elementor-action%3Aaction%3Dlightbox%26settings%3DeyJpZCI6Mzg5NiwidXJsIjoiaHR0cHM6XC9cL2NoYXJnZTRoaXJlLmNvbVwvd3AtY29udGVudFwvdXBsb2Fkc1wvMjAyM1wvMDFcL0RTRjI0MjQuanBnIn0%3D\">\n\t\t\t\t\t\t\t<img fetchpriority=\"high\" decoding=\"async\" width=\"1920\" height=\"1280\" src=\"https:\/\/charge4hire.com\/wp-content\/uploads\/2023\/01\/DSF2424.jpg\" class=\"attachment-full size-full wp-image-3896\" alt=\"\" srcset=\"https:\/\/charge4hire.com\/wp-content\/uploads\/2023\/01\/DSF2424.jpg 1920w, https:\/\/charge4hire.com\/wp-content\/uploads\/2023\/01\/DSF2424-300x200.jpg 300w, https:\/\/charge4hire.com\/wp-content\/uploads\/2023\/01\/DSF2424-1024x683.jpg 1024w, https:\/\/charge4hire.com\/wp-content\/uploads\/2023\/01\/DSF2424-768x512.jpg 768w, https:\/\/charge4hire.com\/wp-content\/uploads\/2023\/01\/DSF2424-1536x1024.jpg 1536w, https:\/\/charge4hire.com\/wp-content\/uploads\/2023\/01\/DSF2424-18x12.jpg 18w\" sizes=\"(max-width: 1920px) 100vw, 1920px\" \/>\t\t\t\t\t\t\t\t<\/a>\n\t\t\t\t\t\t\t\t\t\t\t\t\t\t\t<\/div>\n\t\t\t\t<\/div>\n\t\t\t\t\t<\/div>\n\t\t<\/div>\n\t\t\t\t<div class=\"elementor-column elementor-col-50 elementor-top-column elementor-element elementor-element-fde668c\" data-id=\"fde668c\" data-element_type=\"column\" data-e-type=\"column\">\n\t\t\t<div class=\"elementor-widget-wrap elementor-element-populated\">\n\t\t\t\t\t\t<div class=\"elementor-element elementor-element-6aeef7f elementor-widget elementor-widget-heading\" data-id=\"6aeef7f\" data-element_type=\"widget\" data-e-type=\"widget\" data-widget_type=\"heading.default\">\n\t\t\t\t<div class=\"elementor-widget-container\">\n\t\t\t\t\t<h2 class=\"elementor-heading-title elementor-size-default\">Es gibt viele verschiedene Bed\u00fcrfnisse, die mit den mobilen Ladestationen von charge4hire erf\u00fcllt werden k\u00f6nnen:\n\n<\/h2>\t\t\t\t<\/div>\n\t\t\t\t<\/div>\n\t\t\t\t<div class=\"elementor-element elementor-element-4dfa3db elementor-widget elementor-widget-text-editor\" data-id=\"4dfa3db\" data-element_type=\"widget\" data-e-type=\"widget\" data-widget_type=\"text-editor.default\">\n\t\t\t\t<div class=\"elementor-widget-container\">\n\t\t\t\t\t\t\t\t\t<p>Durch eLoaded RingNet\u2122 Technologie und Softwarel\u00f6sungen kann eine maximale Ausgangsleistung von bis zu 420kW\/ 600A bereitgestellt werden. Mit seiner Ladetechnik und fl\u00fcssigkeitsgek\u00fchlter Leistungselektronik bietet der DCCube eine unauff\u00e4llige Ladel\u00f6sung f\u00fcr bis zu vier CCS-Ladepunkte.<\/p><p>\u00b7\u00a0\u00a0\u00a0\u00a0\u00a0\u00a0\u00a0\u00a0 Ausstellungen, Rennveranstaltungen, Konzerte und andere Veranstaltungen: Die L\u00f6sung eignet sich perfekt f\u00fcr alle Anwendungen, bei denen der Bedarf an Ladestationen nur vor\u00fcbergehend ist.<\/p><p>\u00b7\u00a0\u00a0\u00a0\u00a0\u00a0\u00a0\u00a0\u00a0 \u00dcberbr\u00fcckung von Bauzeiten: W\u00e4hrend der Bauzeit kann die ben\u00f6tigte Ladeleistung nun einfach an einem anderen Standort in der N\u00e4he bereitgestellt werden.<\/p><p>\u00b7\u00a0\u00a0\u00a0\u00a0\u00a0\u00a0\u00a0\u00a0 Feldtests unter realen Einsatzbedingungen: Bus- und andere Flottenbetreiber k\u00f6nnen nun ihre Flotteneinrichtung unter realen Betriebsbedingungen testen, um das perfekte Ladekonzept f\u00fcr einen sicheren, reibungslosen und effizienten Betrieb zu ermitteln und zu best\u00e4tigen. Dadurch werden Planungsunsicherheiten auf ein Minimum reduziert.<\/p><p>\u00b7\u00a0\u00a0\u00a0\u00a0\u00a0\u00a0\u00a0\u00a0 Testen neuer Ladeszenarien oder Standorte: Ladestellenbetreiber (CPO) k\u00f6nnen nun die Akzeptanz und Auslastung neuer Ladestandorte testen, anstatt ins Blaue zu investieren.<\/p><p>\u00b7\u00a0\u00a0\u00a0\u00a0\u00a0\u00a0\u00a0\u00a0 Deckung von Kapazit\u00e4tsspitzen: Lades\u00e4ulenbetreiber (CPO) k\u00f6nnen ab sofort Lastspitzen, z.B. zu Ferien- oder Messezeiten, abfangen und so das Stationsdesign optimieren.<\/p><p>Auch wenn sie unterschiedlicher Natur sind, haben alle Anwendungsf\u00e4lle einen gemeinsamen Sinn: Dank der mobilen L\u00f6sungen von charge4hire sind die Ladepunkte immer dann verf\u00fcgbar, wenn sie gebraucht werden. Und nur dann, wenn sie gebraucht werden.<\/p>\t\t\t\t\t\t\t\t<\/div>\n\t\t\t\t<\/div>\n\t\t\t\t\t<\/div>\n\t\t<\/div>\n\t\t\t\t\t<\/div>\n\t\t<\/section>\n\t\t\t\t<section class=\"elementor-section elementor-top-section elementor-element elementor-element-71c85ad elementor-section-full_width elementor-section-height-default elementor-section-height-default\" data-id=\"71c85ad\" data-element_type=\"section\" data-e-type=\"section\" data-settings=\"{&quot;background_background&quot;:&quot;classic&quot;}\">\n\t\t\t\t\t\t<div class=\"elementor-container elementor-column-gap-default\">\n\t\t\t\t\t<div class=\"elementor-column elementor-col-100 elementor-top-column elementor-element elementor-element-0700b7b\" data-id=\"0700b7b\" data-element_type=\"column\" data-e-type=\"column\">\n\t\t\t<div class=\"elementor-widget-wrap elementor-element-populated\">\n\t\t\t\t\t\t<div class=\"elementor-element elementor-element-a1db53c elementor-arrows-position-inside elementor-pagination-position-outside elementor-widget elementor-widget-image-carousel\" data-id=\"a1db53c\" data-element_type=\"widget\" data-e-type=\"widget\" data-settings=\"{&quot;slides_to_show&quot;:&quot;3&quot;,&quot;navigation&quot;:&quot;both&quot;,&quot;autoplay&quot;:&quot;yes&quot;,&quot;pause_on_hover&quot;:&quot;yes&quot;,&quot;pause_on_interaction&quot;:&quot;yes&quot;,&quot;autoplay_speed&quot;:5000,&quot;infinite&quot;:&quot;yes&quot;,&quot;speed&quot;:500}\" data-widget_type=\"image-carousel.default\">\n\t\t\t\t<div class=\"elementor-widget-container\">\n\t\t\t\t\t\t\t<div class=\"elementor-image-carousel-wrapper swiper\" role=\"region\" aria-roledescription=\"carousel\" aria-label=\"Bild Karussell\" dir=\"ltr\">\n\t\t\t<div class=\"elementor-image-carousel swiper-wrapper\" aria-live=\"off\">\n\t\t\t\t\t\t\t\t<div class=\"swiper-slide\" role=\"group\" aria-roledescription=\"slide\" aria-label=\"1 von 10\"><a data-elementor-open-lightbox=\"yes\" data-elementor-lightbox-slideshow=\"a1db53c\" data-e-action-hash=\"#elementor-action%3Aaction%3Dlightbox%26settings%3DeyJpZCI6MTk4OCwidXJsIjoiaHR0cHM6XC9cL2NoYXJnZTRoaXJlLmNvbVwvd3AtY29udGVudFwvdXBsb2Fkc1wvMjAyMlwvMDFcL1RyZW5uZXItMS1zY2FsZWQuanBnIiwic2xpZGVzaG93IjoiYTFkYjUzYyJ9\" href=\"https:\/\/charge4hire.com\/wp-content\/uploads\/2022\/01\/Trenner-1-scaled.jpg\"><figure class=\"swiper-slide-inner\"><img decoding=\"async\" class=\"swiper-slide-image\" src=\"https:\/\/charge4hire.com\/wp-content\/uploads\/elementor\/thumbs\/Trenner-1-scaled-pk7thtjs782jekkpwebgi59d5poh8z0swlf6ggx728.jpg\" alt=\"Trenner 1\" \/><\/figure><\/a><\/div><div class=\"swiper-slide\" role=\"group\" aria-roledescription=\"slide\" aria-label=\"2 von 10\"><a data-elementor-open-lightbox=\"yes\" data-elementor-lightbox-slideshow=\"a1db53c\" data-e-action-hash=\"#elementor-action%3Aaction%3Dlightbox%26settings%3DeyJpZCI6MTk3MSwidXJsIjoiaHR0cHM6XC9cL2NoYXJnZTRoaXJlLmNvbVwvd3AtY29udGVudFwvdXBsb2Fkc1wvMjAyMlwvMDFcL2UtTW90b3JzcG9ydF8yLXNjYWxlZC5qcGciLCJzbGlkZXNob3ciOiJhMWRiNTNjIn0%3D\" href=\"https:\/\/charge4hire.com\/wp-content\/uploads\/2022\/01\/e-Motorsport_2-scaled.jpg\"><figure class=\"swiper-slide-inner\"><img decoding=\"async\" class=\"swiper-slide-image\" src=\"https:\/\/charge4hire.com\/wp-content\/uploads\/elementor\/thumbs\/e-Motorsport_2-scaled-pk7thtjs782jekkpwebgi59d5poh8z0swlf6ggx728.jpg\" alt=\"e-Motorsport_2\" \/><\/figure><\/a><\/div><div class=\"swiper-slide\" role=\"group\" aria-roledescription=\"slide\" aria-label=\"3 von 10\"><a data-elementor-open-lightbox=\"yes\" data-elementor-lightbox-slideshow=\"a1db53c\" data-e-action-hash=\"#elementor-action%3Aaction%3Dlightbox%26settings%3DeyJpZCI6MjI5MSwidXJsIjoiaHR0cHM6XC9cL2NoYXJnZTRoaXJlLmNvbVwvd3AtY29udGVudFwvdXBsb2Fkc1wvMjAyMlwvMDFcL0RDX0N1YmVfdVx1MDMwOGJlcmFyYmVpdGV0LXNjYWxlZC5qcGciLCJzbGlkZXNob3ciOiJhMWRiNTNjIn0%3D\" href=\"https:\/\/charge4hire.com\/wp-content\/uploads\/2022\/01\/DC_Cube_u\u0308berarbeitet-scaled.jpg\"><figure class=\"swiper-slide-inner\"><img decoding=\"async\" class=\"swiper-slide-image\" src=\"https:\/\/charge4hire.com\/wp-content\/uploads\/elementor\/thumbs\/DC_Cube_u\u0308berarbeitet-scaled-pk7thtjs782jekkpwebgi59d5poh8z0swlf6ggx728.jpg\" alt=\"DCCube\" \/><\/figure><\/a><\/div><div class=\"swiper-slide\" role=\"group\" aria-roledescription=\"slide\" aria-label=\"4 von 10\"><a data-elementor-open-lightbox=\"yes\" data-elementor-lightbox-slideshow=\"a1db53c\" data-e-action-hash=\"#elementor-action%3Aaction%3Dlightbox%26settings%3DeyJpZCI6MzM2NiwidXJsIjoiaHR0cHM6XC9cL2NoYXJnZTRoaXJlLmNvbVwvd3AtY29udGVudFwvdXBsb2Fkc1wvMjAyMlwvMDJcL0VpbnNhdHpfSGludGVyZ3J1bmRfMl9lLWNvcnNhX0taLXNjYWxlZC5qcGciLCJzbGlkZXNob3ciOiJhMWRiNTNjIn0%3D\" href=\"https:\/\/charge4hire.com\/wp-content\/uploads\/2022\/02\/Einsatz_Hintergrund_2_e-corsa_KZ-scaled.jpg\"><figure class=\"swiper-slide-inner\"><img decoding=\"async\" class=\"swiper-slide-image\" src=\"https:\/\/charge4hire.com\/wp-content\/uploads\/elementor\/thumbs\/Einsatz_Hintergrund_2_e-corsa_KZ-scaled-pk7thtjs782jekkpwebgi59d5poh8z0swlf6ggx728.jpg\" alt=\"Einsatz_Hintergrund_2_e-corsa_KZ\" \/><\/figure><\/a><\/div><div class=\"swiper-slide\" role=\"group\" aria-roledescription=\"slide\" aria-label=\"5 von 10\"><a data-elementor-open-lightbox=\"yes\" data-elementor-lightbox-slideshow=\"a1db53c\" data-e-action-hash=\"#elementor-action%3Aaction%3Dlightbox%26settings%3DeyJpZCI6MzM2MiwidXJsIjoiaHR0cHM6XC9cL2NoYXJnZTRoaXJlLmNvbVwvd3AtY29udGVudFwvdXBsb2Fkc1wvMjAyMlwvMDJcL0F1dG92b3JzdGVsbHVuZ18xX3VcdTAzMDhiZXJhcmJlaXRldF9LWi1zY2FsZWQuanBnIiwic2xpZGVzaG93IjoiYTFkYjUzYyJ9\" href=\"https:\/\/charge4hire.com\/wp-content\/uploads\/2022\/02\/Autovorstellung_1_u\u0308berarbeitet_KZ-scaled.jpg\"><figure class=\"swiper-slide-inner\"><img decoding=\"async\" class=\"swiper-slide-image\" src=\"https:\/\/charge4hire.com\/wp-content\/uploads\/elementor\/thumbs\/Autovorstellung_1_u\u0308berarbeitet_KZ-scaled-pk7thtjs782jekkpwebgi59d5poh8z0swlf6ggx728.jpg\" alt=\"Autovorstellung_1_u\u0308berarbeitet_KZ\" \/><\/figure><\/a><\/div><div class=\"swiper-slide\" role=\"group\" aria-roledescription=\"slide\" aria-label=\"6 von 10\"><a data-elementor-open-lightbox=\"yes\" data-elementor-lightbox-slideshow=\"a1db53c\" data-e-action-hash=\"#elementor-action%3Aaction%3Dlightbox%26settings%3DeyJpZCI6Mzg5OCwidXJsIjoiaHR0cHM6XC9cL2NoYXJnZTRoaXJlLmNvbVwvd3AtY29udGVudFwvdXBsb2Fkc1wvMjAyM1wvMDFcL0RTRjIyNTkuanBnIiwic2xpZGVzaG93IjoiYTFkYjUzYyJ9\" href=\"https:\/\/charge4hire.com\/wp-content\/uploads\/2023\/01\/DSF2259.jpg\"><figure class=\"swiper-slide-inner\"><img decoding=\"async\" class=\"swiper-slide-image\" src=\"https:\/\/charge4hire.com\/wp-content\/uploads\/elementor\/thumbs\/DSF2259-q04fondzhtukhr6vvvwov2a5mjv3knkl05yk8psr9c.jpg\" alt=\"_DSF2259\" \/><\/figure><\/a><\/div><div class=\"swiper-slide\" role=\"group\" aria-roledescription=\"slide\" aria-label=\"7 von 10\"><a data-elementor-open-lightbox=\"yes\" data-elementor-lightbox-slideshow=\"a1db53c\" data-e-action-hash=\"#elementor-action%3Aaction%3Dlightbox%26settings%3DeyJpZCI6Mzg5NywidXJsIjoiaHR0cHM6XC9cL2NoYXJnZTRoaXJlLmNvbVwvd3AtY29udGVudFwvdXBsb2Fkc1wvMjAyM1wvMDFcL0RTRjIyNTcuanBnIiwic2xpZGVzaG93IjoiYTFkYjUzYyJ9\" href=\"https:\/\/charge4hire.com\/wp-content\/uploads\/2023\/01\/DSF2257.jpg\"><figure class=\"swiper-slide-inner\"><img decoding=\"async\" class=\"swiper-slide-image\" src=\"https:\/\/charge4hire.com\/wp-content\/uploads\/elementor\/thumbs\/DSF2257-q04folib45rzuj9m6v3fq2r8fs4d59d4bwnla5vjls.jpg\" alt=\"_DSF2257\" \/><\/figure><\/a><\/div><div class=\"swiper-slide\" role=\"group\" aria-roledescription=\"slide\" aria-label=\"8 von 10\"><a data-elementor-open-lightbox=\"yes\" data-elementor-lightbox-slideshow=\"a1db53c\" data-e-action-hash=\"#elementor-action%3Aaction%3Dlightbox%26settings%3DeyJpZCI6Mzg5NiwidXJsIjoiaHR0cHM6XC9cL2NoYXJnZTRoaXJlLmNvbVwvd3AtY29udGVudFwvdXBsb2Fkc1wvMjAyM1wvMDFcL0RTRjI0MjQuanBnIiwic2xpZGVzaG93IjoiYTFkYjUzYyJ9\" href=\"https:\/\/charge4hire.com\/wp-content\/uploads\/2023\/01\/DSF2424.jpg\"><figure class=\"swiper-slide-inner\"><img decoding=\"async\" class=\"swiper-slide-image\" src=\"https:\/\/charge4hire.com\/wp-content\/uploads\/elementor\/thumbs\/DSF2424-q04flmcph1pb2zl9kkryttsopusirrjpx6a8kmafb4.jpg\" alt=\"_DSF2424\" \/><\/figure><\/a><\/div><div class=\"swiper-slide\" role=\"group\" aria-roledescription=\"slide\" aria-label=\"9 von 10\"><a data-elementor-open-lightbox=\"yes\" data-elementor-lightbox-slideshow=\"a1db53c\" data-e-action-hash=\"#elementor-action%3Aaction%3Dlightbox%26settings%3DeyJpZCI6Mzc3MiwidXJsIjoiaHR0cHM6XC9cL2NoYXJnZTRoaXJlLmNvbVwvd3AtY29udGVudFwvdXBsb2Fkc1wvMjAyMlwvMDhcL01vdG9yc3BvcnQtc2NhbGVkLmpwZyIsInNsaWRlc2hvdyI6ImExZGI1M2MifQ%3D%3D\" href=\"https:\/\/charge4hire.com\/wp-content\/uploads\/2022\/08\/Motorsport-scaled.jpg\"><figure class=\"swiper-slide-inner\"><img decoding=\"async\" class=\"swiper-slide-image\" src=\"https:\/\/charge4hire.com\/wp-content\/uploads\/elementor\/thumbs\/Motorsport-scaled-psmmvbu5aduzydroeuu98vo67k0a7cd5pb89nk4hkw.jpg\" alt=\"Motorsport\" \/><\/figure><\/a><\/div><div class=\"swiper-slide\" role=\"group\" aria-roledescription=\"slide\" aria-label=\"10 von 10\"><a data-elementor-open-lightbox=\"yes\" data-elementor-lightbox-slideshow=\"a1db53c\" data-e-action-hash=\"#elementor-action%3Aaction%3Dlightbox%26settings%3DeyJpZCI6Mzc3MSwidXJsIjoiaHR0cHM6XC9cL2NoYXJnZTRoaXJlLmNvbVwvd3AtY29udGVudFwvdXBsb2Fkc1wvMjAyMlwvMDhcL0xhZGVmbGFcdTAzMDhjaGVuLXNjYWxlZC5qcGciLCJzbGlkZXNob3ciOiJhMWRiNTNjIn0%3D\" href=\"https:\/\/charge4hire.com\/wp-content\/uploads\/2022\/08\/Ladefla\u0308chen-scaled.jpg\"><figure class=\"swiper-slide-inner\"><img decoding=\"async\" class=\"swiper-slide-image\" src=\"https:\/\/charge4hire.com\/wp-content\/uploads\/elementor\/thumbs\/Ladefla\u0308chen-scaled-psmmuyoempczfuasjp5h9yzpw5t57kwwzi3gxoo000.jpg\" alt=\"Ladefla\u0308chen\" \/><\/figure><\/a><\/div>\t\t\t<\/div>\n\t\t\t\t\t\t\t\t\t\t\t\t<div class=\"elementor-swiper-button elementor-swiper-button-prev\" role=\"button\" tabindex=\"0\">\n\t\t\t\t\t\t<i aria-hidden=\"true\" class=\"eicon-chevron-left\"><\/i>\t\t\t\t\t<\/div>\n\t\t\t\t\t<div class=\"elementor-swiper-button elementor-swiper-button-next\" role=\"button\" tabindex=\"0\">\n\t\t\t\t\t\t<i aria-hidden=\"true\" class=\"eicon-chevron-right\"><\/i>\t\t\t\t\t<\/div>\n\t\t\t\t\n\t\t\t\t\t\t\t\t\t<div class=\"swiper-pagination\"><\/div>\n\t\t\t\t\t\t\t\t\t<\/div>\n\t\t\t\t\t\t<\/div>\n\t\t\t\t<\/div>\n\t\t\t\t\t<\/div>\n\t\t<\/div>\n\t\t\t\t\t<\/div>\n\t\t<\/section>\n\t\t\t\t<\/div>\n\t\t","protected":false},"excerpt":{"rendered":"<p>DCCube Der DCCube ist das DC-Schnellladeger\u00e4t mit dem weltweit kleinsten ben\u00f6tigten Installationsraum. Jetzt Preis anfragen und ein individuelles Angebot zu ihren Bed\u00fcrfnissen erhalten Preis anfragen Technische Daten Gleichstromeingang: Eingangsspannungsbereich: 500 V&ndash;1150 V GleichstromMax. Eingangsstrom: 220 A Gleichstromausgang: Maximale Ausgangsleistung: 140&ndash;280 kWAusgangsspannungsbereich: 200 V&ndash;950 V GleichstromCCS PLC: DIN 70121, ISO 15118 Flu\u0308ssigku\u0308hlung: Steuerbare Flu\u0308ssigkeitstemperatur: -20&deg;C&ndash;+50&deg;C Flu\u0308ssigkeit: [&hellip;]<\/p>\n","protected":false},"author":1,"featured_media":0,"parent":0,"menu_order":0,"comment_status":"closed","ping_status":"closed","template":"","meta":{"footnotes":""},"class_list":["post-2051","page","type-page","status-publish","hentry"],"_links":{"self":[{"href":"https:\/\/charge4hire.com\/en\/wp-json\/wp\/v2\/pages\/2051","targetHints":{"allow":["GET"]}}],"collection":[{"href":"https:\/\/charge4hire.com\/en\/wp-json\/wp\/v2\/pages"}],"about":[{"href":"https:\/\/charge4hire.com\/en\/wp-json\/wp\/v2\/types\/page"}],"author":[{"embeddable":true,"href":"https:\/\/charge4hire.com\/en\/wp-json\/wp\/v2\/users\/1"}],"replies":[{"embeddable":true,"href":"https:\/\/charge4hire.com\/en\/wp-json\/wp\/v2\/comments?post=2051"}],"version-history":[{"count":25,"href":"https:\/\/charge4hire.com\/en\/wp-json\/wp\/v2\/pages\/2051\/revisions"}],"predecessor-version":[{"id":3901,"href":"https:\/\/charge4hire.com\/en\/wp-json\/wp\/v2\/pages\/2051\/revisions\/3901"}],"wp:attachment":[{"href":"https:\/\/charge4hire.com\/en\/wp-json\/wp\/v2\/media?parent=2051"}],"curies":[{"name":"wp","href":"https:\/\/api.w.org\/{rel}","templated":true}]}}