{"id":2049,"date":"2022-01-07T12:01:27","date_gmt":"2022-01-07T12:01:27","guid":{"rendered":"https:\/\/charge4hire.com\/?page_id=2049"},"modified":"2023-02-07T14:58:17","modified_gmt":"2023-02-07T14:58:17","slug":"dcbox","status":"publish","type":"page","link":"https:\/\/charge4hire.com\/en\/dcbox\/","title":{"rendered":"dcbox"},"content":{"rendered":"\t\t<div data-elementor-type=\"wp-page\" data-elementor-id=\"2049\" class=\"elementor elementor-2049\" data-elementor-post-type=\"page\">\n\t\t\t\t\t\t<section class=\"elementor-section elementor-top-section elementor-element elementor-element-a10c12c elementor-section-height-min-height elementor-section-items-bottom elementor-section-boxed elementor-section-height-default\" data-id=\"a10c12c\" data-element_type=\"section\" data-e-type=\"section\" data-settings=\"{&quot;background_background&quot;:&quot;classic&quot;}\">\n\t\t\t\t\t\t<div class=\"elementor-container elementor-column-gap-default\">\n\t\t\t\t\t<div class=\"elementor-column elementor-col-100 elementor-top-column elementor-element elementor-element-b270e9f elementor-invisible\" data-id=\"b270e9f\" data-element_type=\"column\" data-e-type=\"column\" data-settings=\"{&quot;motion_fx_motion_fx_scrolling&quot;:&quot;yes&quot;,&quot;animation&quot;:&quot;fadeInLeft&quot;,&quot;animation_delay&quot;:1000,&quot;motion_fx_devices&quot;:[&quot;desktop&quot;,&quot;tablet&quot;,&quot;mobile&quot;]}\">\n\t\t\t<div class=\"elementor-widget-wrap elementor-element-populated\">\n\t\t\t\t\t\t<div class=\"elementor-element elementor-element-3b2cf46 elementor-widget elementor-widget-heading\" data-id=\"3b2cf46\" data-element_type=\"widget\" data-e-type=\"widget\" data-widget_type=\"heading.default\">\n\t\t\t\t<div class=\"elementor-widget-container\">\n\t\t\t\t\t<h2 class=\"elementor-heading-title elementor-size-default\"><span style=\"color:#01F061\"> DC<\/span>Box<\/h2>\t\t\t\t<\/div>\n\t\t\t\t<\/div>\n\t\t\t\t\t<\/div>\n\t\t<\/div>\n\t\t\t\t\t<\/div>\n\t\t<\/section>\n\t\t\t\t<section class=\"elementor-section elementor-top-section elementor-element elementor-element-6bbdbfa5 elementor-section-content-middle elementor-section-height-min-height elementor-section-boxed elementor-section-height-default elementor-section-items-middle\" data-id=\"6bbdbfa5\" data-element_type=\"section\" data-e-type=\"section\" data-settings=\"{&quot;background_background&quot;:&quot;classic&quot;}\">\n\t\t\t\t\t\t\t<div class=\"elementor-background-overlay\"><\/div>\n\t\t\t\t\t\t\t<div class=\"elementor-container elementor-column-gap-no\">\n\t\t\t\t\t<div class=\"elementor-column elementor-col-100 elementor-top-column elementor-element elementor-element-6e5b7dff\" data-id=\"6e5b7dff\" data-element_type=\"column\" data-e-type=\"column\">\n\t\t\t<div class=\"elementor-widget-wrap elementor-element-populated\">\n\t\t\t\t\t\t<div class=\"elementor-element elementor-element-9017faa elementor-widget elementor-widget-heading\" data-id=\"9017faa\" data-element_type=\"widget\" data-e-type=\"widget\" data-widget_type=\"heading.default\">\n\t\t\t\t<div class=\"elementor-widget-container\">\n\t\t\t\t\t<h4 class=\"elementor-heading-title elementor-size-default\">Schnell positionierbare Ladebox mit 40kW Ausgangsleistung.<\/h4>\t\t\t\t<\/div>\n\t\t\t\t<\/div>\n\t\t\t\t<section class=\"elementor-section elementor-inner-section elementor-element elementor-element-64b24b67 elementor-section-full_width elementor-section-height-min-height elementor-section-height-default\" data-id=\"64b24b67\" data-element_type=\"section\" data-e-type=\"section\">\n\t\t\t\t\t\t<div class=\"elementor-container elementor-column-gap-no\">\n\t\t\t\t\t<div class=\"elementor-column elementor-col-50 elementor-inner-column elementor-element elementor-element-ed0af73 elementor-invisible\" data-id=\"ed0af73\" data-element_type=\"column\" data-e-type=\"column\" data-settings=\"{&quot;animation&quot;:&quot;fadeInLeft&quot;,&quot;background_background&quot;:&quot;classic&quot;}\">\n\t\t\t<div class=\"elementor-widget-wrap elementor-element-populated\">\n\t\t\t\t\t\t<div class=\"elementor-element elementor-element-f6f358a elementor-widget elementor-widget-heading\" data-id=\"f6f358a\" data-element_type=\"widget\" data-e-type=\"widget\" data-widget_type=\"heading.default\">\n\t\t\t\t<div class=\"elementor-widget-container\">\n\t\t\t\t\t<h1 class=\"elementor-heading-title elementor-size-large\"><span style=\"color:#01F061\"> 1860<\/span>\u20ac<\/h1>\t\t\t\t<\/div>\n\t\t\t\t<\/div>\n\t\t\t\t<div class=\"elementor-element elementor-element-4c308fe elementor-widget elementor-widget-text-editor\" data-id=\"4c308fe\" data-element_type=\"widget\" data-e-type=\"widget\" data-widget_type=\"text-editor.default\">\n\t\t\t\t<div class=\"elementor-widget-container\">\n\t\t\t\t\t\t\t\t\t<p>Mietpreis\/Woche<\/p>\t\t\t\t\t\t\t\t<\/div>\n\t\t\t\t<\/div>\n\t\t\t\t\t<\/div>\n\t\t<\/div>\n\t\t\t\t<div class=\"elementor-column elementor-col-50 elementor-inner-column elementor-element elementor-element-7089e23 elementor-invisible\" data-id=\"7089e23\" data-element_type=\"column\" data-e-type=\"column\" data-settings=\"{&quot;animation&quot;:&quot;fadeInLeft&quot;,&quot;background_background&quot;:&quot;classic&quot;}\">\n\t\t\t<div class=\"elementor-widget-wrap elementor-element-populated\">\n\t\t\t\t\t\t<div class=\"elementor-element elementor-element-d4aa6fd elementor-widget elementor-widget-heading\" data-id=\"d4aa6fd\" data-element_type=\"widget\" data-e-type=\"widget\" data-widget_type=\"heading.default\">\n\t\t\t\t<div class=\"elementor-widget-container\">\n\t\t\t\t\t<h2 class=\"elementor-heading-title elementor-size-default\">Technische Daten<\/h2>\t\t\t\t<\/div>\n\t\t\t\t<\/div>\n\t\t\t\t<div class=\"elementor-element elementor-element-e6dac31 elementor-widget elementor-widget-text-editor\" data-id=\"e6dac31\" data-element_type=\"widget\" data-e-type=\"widget\" data-widget_type=\"text-editor.default\">\n\t\t\t\t<div class=\"elementor-widget-container\">\n\t\t\t\t\t\t\t\t\t<p>CEE Anschluss: <strong>125 A<\/strong><br \/>Eingangsspannungsbereich: <strong>3Phasen, 260Vac <\/strong><strong>\u2013 530Vac <\/strong><\/p><p><strong>Gleichstromausgang:<\/strong><br \/>Maximale Ausgangsleistung: <strong>40 kW<\/strong><br \/>Ausgangsspannungsbereich: <strong>200 V<\/strong><strong>\u2013<\/strong><strong>950 V Gleichstrom<\/strong><br \/>CCS PLC: <strong>DIN 70121, ISO 15118 <\/strong><\/p><p><strong>Luftku\u0308hlung <\/strong><\/p><p><strong>Umfeld:<\/strong><br \/>Lagertemperatur: <strong>-40\u00b0~ +70\u00b0<\/strong><br \/>Kommunikation: <strong>WIFI<\/strong><br \/>Mittlere Betriebsdauer zwischen Ausfa\u0308llen: <strong>&gt;500.000 Stunden<\/strong><br \/>Sicherheitsstandards: <strong>IEC 61851-1, IEC 61851-23, CE<\/strong><br \/>Elektromagnetische Vertra\u0308glichkeit: <strong>2014\/30\/EU<\/strong><\/p>\t\t\t\t\t\t\t\t<\/div>\n\t\t\t\t<\/div>\n\t\t\t\t\t<\/div>\n\t\t<\/div>\n\t\t\t\t\t<\/div>\n\t\t<\/section>\n\t\t\t\t\t<\/div>\n\t\t<\/div>\n\t\t\t\t\t<\/div>\n\t\t<\/section>\n\t\t\t\t<section class=\"elementor-section elementor-top-section elementor-element elementor-element-9bf1e1b elementor-section-full_width elementor-section-height-min-height elementor-section-height-default elementor-section-items-middle\" data-id=\"9bf1e1b\" data-element_type=\"section\" data-e-type=\"section\" data-settings=\"{&quot;background_background&quot;:&quot;classic&quot;}\">\n\t\t\t\t\t\t<div class=\"elementor-container elementor-column-gap-default\">\n\t\t\t\t\t<div class=\"elementor-column elementor-col-50 elementor-top-column elementor-element elementor-element-f83edc2\" data-id=\"f83edc2\" data-element_type=\"column\" data-e-type=\"column\">\n\t\t\t<div class=\"elementor-widget-wrap elementor-element-populated\">\n\t\t\t\t\t\t<div class=\"elementor-element elementor-element-309b92a elementor-widget elementor-widget-image\" data-id=\"309b92a\" data-element_type=\"widget\" data-e-type=\"widget\" data-widget_type=\"image.default\">\n\t\t\t\t<div class=\"elementor-widget-container\">\n\t\t\t\t\t\t\t\t\t\t\t\t\t\t\t<img fetchpriority=\"high\" decoding=\"async\" width=\"800\" height=\"450\" src=\"https:\/\/charge4hire.com\/wp-content\/uploads\/2022\/01\/Einsatz_Hintergrund_1_mokka_u\u0308berarbeitet_neu-1024x576.jpg\" class=\"attachment-large size-large wp-image-2418\" alt=\"\" srcset=\"https:\/\/charge4hire.com\/wp-content\/uploads\/2022\/01\/Einsatz_Hintergrund_1_mokka_u\u0308berarbeitet_neu-1024x576.jpg 1024w, https:\/\/charge4hire.com\/wp-content\/uploads\/2022\/01\/Einsatz_Hintergrund_1_mokka_u\u0308berarbeitet_neu-300x169.jpg 300w, https:\/\/charge4hire.com\/wp-content\/uploads\/2022\/01\/Einsatz_Hintergrund_1_mokka_u\u0308berarbeitet_neu-768x432.jpg 768w, https:\/\/charge4hire.com\/wp-content\/uploads\/2022\/01\/Einsatz_Hintergrund_1_mokka_u\u0308berarbeitet_neu-1536x864.jpg 1536w, https:\/\/charge4hire.com\/wp-content\/uploads\/2022\/01\/Einsatz_Hintergrund_1_mokka_u\u0308berarbeitet_neu-2048x1152.jpg 2048w\" sizes=\"(max-width: 800px) 100vw, 800px\" \/>\t\t\t\t\t\t\t\t\t\t\t\t\t\t\t<\/div>\n\t\t\t\t<\/div>\n\t\t\t\t\t<\/div>\n\t\t<\/div>\n\t\t\t\t<div class=\"elementor-column elementor-col-50 elementor-top-column elementor-element elementor-element-b5f8daf\" data-id=\"b5f8daf\" data-element_type=\"column\" data-e-type=\"column\">\n\t\t\t<div class=\"elementor-widget-wrap elementor-element-populated\">\n\t\t\t\t\t\t<div class=\"elementor-element elementor-element-30544f6 elementor-widget elementor-widget-heading\" data-id=\"30544f6\" data-element_type=\"widget\" data-e-type=\"widget\" data-widget_type=\"heading.default\">\n\t\t\t\t<div class=\"elementor-widget-container\">\n\t\t\t\t\t<h2 class=\"elementor-heading-title elementor-size-default\">Es gibt viele verschiedene Bed\u00fcrfnisse, die mit den mobilen Ladestationen von charge4hire erf\u00fcllt werden k\u00f6nnen:\n\n<\/h2>\t\t\t\t<\/div>\n\t\t\t\t<\/div>\n\t\t\t\t<div class=\"elementor-element elementor-element-4752f98 elementor-widget elementor-widget-text-editor\" data-id=\"4752f98\" data-element_type=\"widget\" data-e-type=\"widget\" data-widget_type=\"text-editor.default\">\n\t\t\t\t<div class=\"elementor-widget-container\">\n\t\t\t\t\t\t\t\t\t<p>Durch den Handels\u00fcblichen 125A CEE Anschluss kann die DCBox frei positioniert werden und an den meisten Geb\u00e4uden direkt versorgt werden.<\/p><p>\u00b7\u00a0\u00a0\u00a0\u00a0\u00a0\u00a0\u00a0\u00a0 Ausstellungen, Rennveranstaltungen, Konzerte und andere Veranstaltungen: Die L\u00f6sung eignet sich perfekt f\u00fcr alle Anwendungen, bei denen der Bedarf an Ladestationen nur vor\u00fcbergehend ist.<\/p><p>\u00b7\u00a0\u00a0\u00a0\u00a0\u00a0\u00a0\u00a0\u00a0 \u00dcberbr\u00fcckung von Bauzeiten: W\u00e4hrend der Bauzeit kann die ben\u00f6tigte Ladeleistung nun einfach an einem anderen Standort in der N\u00e4he bereitgestellt werden.<\/p><p>\u00b7\u00a0\u00a0\u00a0\u00a0\u00a0\u00a0\u00a0\u00a0 Feldtests unter realen Einsatzbedingungen: Bus- und andere Flottenbetreiber k\u00f6nnen nun ihre Flotteneinrichtung unter realen Betriebsbedingungen testen, um das perfekte Ladekonzept f\u00fcr einen sicheren, reibungslosen und effizienten Betrieb zu ermitteln und zu best\u00e4tigen. Dadurch werden Planungsunsicherheiten auf ein Minimum reduziert.<\/p><p>\u00b7\u00a0\u00a0\u00a0\u00a0\u00a0\u00a0\u00a0\u00a0 Testen neuer Ladeszenarien oder Standorte: Ladestellenbetreiber (CPO) k\u00f6nnen nun die Akzeptanz und Auslastung neuer Ladestandorte testen, anstatt ins Blaue zu investieren.<\/p><p>\u00b7\u00a0\u00a0\u00a0\u00a0\u00a0\u00a0\u00a0\u00a0Deckung von Kapazit\u00e4tsspitzen: Lades\u00e4ulenbetreiber (CPO) k\u00f6nnen ab sofort Lastspitzen, z.B. zu Ferien- oder Messezeiten, abfangen und so das Stationsdesign optimieren.<\/p><p>Auch wenn sie unterschiedlicher Natur sind, haben alle Anwendungsf\u00e4lle einen gemeinsamen Sinn: Dank der mobilen L\u00f6sungen von charge4hire sind die Ladepunkte immer dann verf\u00fcgbar, wenn sie gebraucht werden. Und nur dann, wenn sie gebraucht werden.<\/p>\t\t\t\t\t\t\t\t<\/div>\n\t\t\t\t<\/div>\n\t\t\t\t\t<\/div>\n\t\t<\/div>\n\t\t\t\t\t<\/div>\n\t\t<\/section>\n\t\t\t\t<section class=\"elementor-section elementor-top-section elementor-element elementor-element-f7dadac elementor-section-full_width elementor-section-height-default elementor-section-height-default\" data-id=\"f7dadac\" data-element_type=\"section\" data-e-type=\"section\" data-settings=\"{&quot;background_background&quot;:&quot;classic&quot;}\">\n\t\t\t\t\t\t<div class=\"elementor-container elementor-column-gap-default\">\n\t\t\t\t\t<div class=\"elementor-column elementor-col-100 elementor-top-column elementor-element elementor-element-5b488ea\" data-id=\"5b488ea\" data-element_type=\"column\" data-e-type=\"column\">\n\t\t\t<div class=\"elementor-widget-wrap elementor-element-populated\">\n\t\t\t\t\t\t<div class=\"elementor-element elementor-element-025c735 elementor-arrows-position-inside elementor-pagination-position-outside elementor-widget elementor-widget-image-carousel\" data-id=\"025c735\" data-element_type=\"widget\" data-e-type=\"widget\" data-settings=\"{&quot;slides_to_show&quot;:&quot;3&quot;,&quot;navigation&quot;:&quot;both&quot;,&quot;autoplay&quot;:&quot;yes&quot;,&quot;pause_on_hover&quot;:&quot;yes&quot;,&quot;pause_on_interaction&quot;:&quot;yes&quot;,&quot;autoplay_speed&quot;:5000,&quot;infinite&quot;:&quot;yes&quot;,&quot;speed&quot;:500}\" data-widget_type=\"image-carousel.default\">\n\t\t\t\t<div class=\"elementor-widget-container\">\n\t\t\t\t\t\t\t<div class=\"elementor-image-carousel-wrapper swiper\" role=\"region\" aria-roledescription=\"carousel\" aria-label=\"Bild Karussell\" dir=\"ltr\">\n\t\t\t<div class=\"elementor-image-carousel swiper-wrapper\" aria-live=\"off\">\n\t\t\t\t\t\t\t\t<div class=\"swiper-slide\" role=\"group\" aria-roledescription=\"slide\" aria-label=\"1 von 7\"><a data-elementor-open-lightbox=\"yes\" data-elementor-lightbox-slideshow=\"025c735\" data-e-action-hash=\"#elementor-action%3Aaction%3Dlightbox%26settings%3DeyJpZCI6MTk4NCwidXJsIjoiaHR0cHM6XC9cL2NoYXJnZTRoaXJlLmNvbVwvd3AtY29udGVudFwvdXBsb2Fkc1wvMjAyMlwvMDFcL1BhcmtmbGFcdTAzMDhjaGVuXzQtc2NhbGVkLmpwZyIsInNsaWRlc2hvdyI6IjAyNWM3MzUifQ%3D%3D\" href=\"https:\/\/charge4hire.com\/wp-content\/uploads\/2022\/01\/Parkfla\u0308chen_4-scaled.jpg\"><figure class=\"swiper-slide-inner\"><img decoding=\"async\" class=\"swiper-slide-image\" src=\"https:\/\/charge4hire.com\/wp-content\/uploads\/elementor\/thumbs\/Parkfla\u0308chen_4-scaled-pk7thtjs782jekkpwebgi59d5poh8z0swlf6ggx728.jpg\" alt=\"Parkfla\u0308chen_4\" \/><\/figure><\/a><\/div><div class=\"swiper-slide\" role=\"group\" aria-roledescription=\"slide\" aria-label=\"2 von 7\"><a data-elementor-open-lightbox=\"yes\" data-elementor-lightbox-slideshow=\"025c735\" data-e-action-hash=\"#elementor-action%3Aaction%3Dlightbox%26settings%3DeyJpZCI6MTk4NSwidXJsIjoiaHR0cHM6XC9cL2NoYXJnZTRoaXJlLmNvbVwvd3AtY29udGVudFwvdXBsb2Fkc1wvMjAyMlwvMDFcL1BhcmtmbGFcdTAzMDhjaGVuXzUtc2NhbGVkLmpwZyIsInNsaWRlc2hvdyI6IjAyNWM3MzUifQ%3D%3D\" href=\"https:\/\/charge4hire.com\/wp-content\/uploads\/2022\/01\/Parkfla\u0308chen_5-scaled.jpg\"><figure class=\"swiper-slide-inner\"><img decoding=\"async\" class=\"swiper-slide-image\" src=\"https:\/\/charge4hire.com\/wp-content\/uploads\/elementor\/thumbs\/Parkfla\u0308chen_5-scaled-pk7thtjs782jekkpwebgi59d5poh8z0swlf6ggx728.jpg\" alt=\"Parkfla\u0308chen_5\" \/><\/figure><\/a><\/div><div class=\"swiper-slide\" role=\"group\" aria-roledescription=\"slide\" aria-label=\"3 von 7\"><a data-elementor-open-lightbox=\"yes\" data-elementor-lightbox-slideshow=\"025c735\" data-e-action-hash=\"#elementor-action%3Aaction%3Dlightbox%26settings%3DeyJpZCI6MTczOCwidXJsIjoiaHR0cHM6XC9cL2NoYXJnZTRoaXJlLmNvbVwvd3AtY29udGVudFwvdXBsb2Fkc1wvMjAyMVwvMTJcL3p1c21hcnNoYXVzZW4tc2VyaWUtQS1ocmVzLTU3OTAtc2NhbGVkLmpwZyIsInNsaWRlc2hvdyI6IjAyNWM3MzUifQ%3D%3D\" href=\"https:\/\/charge4hire.com\/wp-content\/uploads\/2021\/12\/zusmarshausen-serie-A-hres-5790-scaled.jpg\"><figure class=\"swiper-slide-inner\"><img decoding=\"async\" class=\"swiper-slide-image\" src=\"https:\/\/charge4hire.com\/wp-content\/uploads\/elementor\/thumbs\/zusmarshausen-serie-A-hres-5790-scaled-pk7thtjs782jekkpwebgi59d5poh8z0swlf6ggx728.jpg\" alt=\"zusmarshausen-serie-A-hres-5790\" \/><\/figure><\/a><\/div><div class=\"swiper-slide\" role=\"group\" aria-roledescription=\"slide\" aria-label=\"4 von 7\"><a data-elementor-open-lightbox=\"yes\" data-elementor-lightbox-slideshow=\"025c735\" data-e-action-hash=\"#elementor-action%3Aaction%3Dlightbox%26settings%3DeyJpZCI6MjI5MiwidXJsIjoiaHR0cHM6XC9cL2NoYXJnZTRoaXJlLmNvbVwvd3AtY29udGVudFwvdXBsb2Fkc1wvMjAyMlwvMDFcL0RDX0JveF91XHUwMzA4YmVyYXJiZWl0ZXQtc2NhbGVkLmpwZyIsInNsaWRlc2hvdyI6IjAyNWM3MzUifQ%3D%3D\" href=\"https:\/\/charge4hire.com\/wp-content\/uploads\/2022\/01\/DC_Box_u\u0308berarbeitet-scaled.jpg\"><figure class=\"swiper-slide-inner\"><img decoding=\"async\" class=\"swiper-slide-image\" src=\"https:\/\/charge4hire.com\/wp-content\/uploads\/elementor\/thumbs\/DC_Box_u\u0308berarbeitet-scaled-pk7thtjs782jekkpwebgi59d5poh8z0swlf6ggx728.jpg\" alt=\"DCBox\" \/><\/figure><\/a><\/div><div class=\"swiper-slide\" role=\"group\" aria-roledescription=\"slide\" aria-label=\"5 von 7\"><a data-elementor-open-lightbox=\"yes\" data-elementor-lightbox-slideshow=\"025c735\" data-e-action-hash=\"#elementor-action%3Aaction%3Dlightbox%26settings%3DeyJpZCI6MjQxOCwidXJsIjoiaHR0cHM6XC9cL2NoYXJnZTRoaXJlLmNvbVwvd3AtY29udGVudFwvdXBsb2Fkc1wvMjAyMlwvMDFcL0VpbnNhdHpfSGludGVyZ3J1bmRfMV9tb2trYV91XHUwMzA4YmVyYXJiZWl0ZXRfbmV1LXNjYWxlZC5qcGciLCJzbGlkZXNob3ciOiIwMjVjNzM1In0%3D\" href=\"https:\/\/charge4hire.com\/wp-content\/uploads\/2022\/01\/Einsatz_Hintergrund_1_mokka_u\u0308berarbeitet_neu-scaled.jpg\"><figure class=\"swiper-slide-inner\"><img decoding=\"async\" class=\"swiper-slide-image\" src=\"https:\/\/charge4hire.com\/wp-content\/uploads\/elementor\/thumbs\/Einsatz_Hintergrund_1_mokka_u\u0308berarbeitet_neu-scaled-pk7thtjs782jekkpwebgi59d5poh8z0swlf6ggx728.jpg\" alt=\"Einsatz_Hintergrund_1_mokka_u\u0308berarbeitet_neu\" \/><\/figure><\/a><\/div><div class=\"swiper-slide\" role=\"group\" aria-roledescription=\"slide\" aria-label=\"6 von 7\"><a data-elementor-open-lightbox=\"yes\" data-elementor-lightbox-slideshow=\"025c735\" data-e-action-hash=\"#elementor-action%3Aaction%3Dlightbox%26settings%3DeyJpZCI6MzM2NywidXJsIjoiaHR0cHM6XC9cL2NoYXJnZTRoaXJlLmNvbVwvd3AtY29udGVudFwvdXBsb2Fkc1wvMjAyMlwvMDJcL0VpbnNhdHpfSGludGVyZ3J1bmRfM19UZXNsYV91XHUwMzA4YmVyYXJiZWl0ZXRfS1otc2NhbGVkLmpwZyIsInNsaWRlc2hvdyI6IjAyNWM3MzUifQ%3D%3D\" href=\"https:\/\/charge4hire.com\/wp-content\/uploads\/2022\/02\/Einsatz_Hintergrund_3_Tesla_u\u0308berarbeitet_KZ-scaled.jpg\"><figure class=\"swiper-slide-inner\"><img decoding=\"async\" class=\"swiper-slide-image\" src=\"https:\/\/charge4hire.com\/wp-content\/uploads\/elementor\/thumbs\/Einsatz_Hintergrund_3_Tesla_u\u0308berarbeitet_KZ-scaled-pk7thtjs782jekkpwebgi59d5poh8z0swlf6ggx728.jpg\" alt=\"Einsatz_Hintergrund_3_Tesla_u\u0308berarbeitet_KZ\" \/><\/figure><\/a><\/div><div class=\"swiper-slide\" role=\"group\" aria-roledescription=\"slide\" aria-label=\"7 von 7\"><a data-elementor-open-lightbox=\"yes\" data-elementor-lightbox-slideshow=\"025c735\" data-e-action-hash=\"#elementor-action%3Aaction%3Dlightbox%26settings%3DeyJpZCI6MzM5MCwidXJsIjoiaHR0cHM6XC9cL2NoYXJnZTRoaXJlLmNvbVwvd3AtY29udGVudFwvdXBsb2Fkc1wvMjAyMlwvMDJcL1BhcmtmbGFcdTAzMDhjaGVuXzZfS1ouanBnIiwic2xpZGVzaG93IjoiMDI1YzczNSJ9\" href=\"https:\/\/charge4hire.com\/wp-content\/uploads\/2022\/02\/Parkfla\u0308chen_6_KZ.jpg\"><figure class=\"swiper-slide-inner\"><img decoding=\"async\" class=\"swiper-slide-image\" src=\"https:\/\/charge4hire.com\/wp-content\/uploads\/elementor\/thumbs\/Parkfla\u0308chen_6_KZ-pk7thtjs782jekkpwebgi59d5poh8z0swlf6ggx728.jpg\" alt=\"Parkfla\u0308chen_6_KZ\" \/><\/figure><\/a><\/div>\t\t\t<\/div>\n\t\t\t\t\t\t\t\t\t\t\t\t<div class=\"elementor-swiper-button elementor-swiper-button-prev\" role=\"button\" tabindex=\"0\">\n\t\t\t\t\t\t<i aria-hidden=\"true\" class=\"eicon-chevron-left\"><\/i>\t\t\t\t\t<\/div>\n\t\t\t\t\t<div class=\"elementor-swiper-button elementor-swiper-button-next\" role=\"button\" tabindex=\"0\">\n\t\t\t\t\t\t<i aria-hidden=\"true\" class=\"eicon-chevron-right\"><\/i>\t\t\t\t\t<\/div>\n\t\t\t\t\n\t\t\t\t\t\t\t\t\t<div class=\"swiper-pagination\"><\/div>\n\t\t\t\t\t\t\t\t\t<\/div>\n\t\t\t\t\t\t<\/div>\n\t\t\t\t<\/div>\n\t\t\t\t\t<\/div>\n\t\t<\/div>\n\t\t\t\t\t<\/div>\n\t\t<\/section>\n\t\t\t\t<\/div>\n\t\t","protected":false},"excerpt":{"rendered":"<p>DCBox Schnell positionierbare Ladebox mit 40kW Ausgangsleistung. 1860\u20ac Mietpreis\/Woche Technische Daten CEE Anschluss: 125 AEingangsspannungsbereich: 3Phasen, 260Vac \u2013 530Vac Gleichstromausgang:Maximale Ausgangsleistung: 40 kWAusgangsspannungsbereich: 200 V\u2013950 V GleichstromCCS PLC: DIN 70121, ISO 15118 Luftku\u0308hlung Umfeld:Lagertemperatur: -40\u00b0~ +70\u00b0Kommunikation: WIFIMittlere Betriebsdauer zwischen Ausfa\u0308llen: &gt;500.000 StundenSicherheitsstandards: IEC 61851-1, IEC 61851-23, CEElektromagnetische Vertra\u0308glichkeit: 2014\/30\/EU Es gibt viele verschiedene Bed\u00fcrfnisse, die [&hellip;]<\/p>\n","protected":false},"author":1,"featured_media":0,"parent":0,"menu_order":0,"comment_status":"closed","ping_status":"closed","template":"","meta":{"footnotes":""},"class_list":["post-2049","page","type-page","status-publish","hentry"],"_links":{"self":[{"href":"https:\/\/charge4hire.com\/en\/wp-json\/wp\/v2\/pages\/2049","targetHints":{"allow":["GET"]}}],"collection":[{"href":"https:\/\/charge4hire.com\/en\/wp-json\/wp\/v2\/pages"}],"about":[{"href":"https:\/\/charge4hire.com\/en\/wp-json\/wp\/v2\/types\/page"}],"author":[{"embeddable":true,"href":"https:\/\/charge4hire.com\/en\/wp-json\/wp\/v2\/users\/1"}],"replies":[{"embeddable":true,"href":"https:\/\/charge4hire.com\/en\/wp-json\/wp\/v2\/comments?post=2049"}],"version-history":[{"count":19,"href":"https:\/\/charge4hire.com\/en\/wp-json\/wp\/v2\/pages\/2049\/revisions"}],"predecessor-version":[{"id":3921,"href":"https:\/\/charge4hire.com\/en\/wp-json\/wp\/v2\/pages\/2049\/revisions\/3921"}],"wp:attachment":[{"href":"https:\/\/charge4hire.com\/en\/wp-json\/wp\/v2\/media?parent=2049"}],"curies":[{"name":"wp","href":"https:\/\/api.w.org\/{rel}","templated":true}]}}